{"id":1995,"date":"2022-05-05T11:10:42","date_gmt":"2022-05-05T11:10:42","guid":{"rendered":"https:\/\/procutps.pt\/?page_id=1995"},"modified":"2022-05-05T11:19:49","modified_gmt":"2022-05-05T11:19:49","slug":"politica-de-gestao","status":"publish","type":"page","link":"https:\/\/procutps.pt\/en\/politica-de-gestao\/","title":{"rendered":"Management Policy"},"content":{"rendered":"<section id=\"bt_bb_section69ebadf62b73f\" class=\"bt_bb_section bt_bb_layout_boxed_1200 bt_bb_top_spacing_100 bt_bb_bottom_spacing_100\"  data-bt-override-class=\"null\"><div class=\"bt_bb_port\"><div class=\"bt_bb_cell\"><div class=\"bt_bb_cell_inner\"><div class=\"bt_bb_row\"  data-bt-override-class=\"{}\"><div class=\"bt_bb_row_holder\" ><div  class=\"bt_bb_column col-xxl-12 col-xl-12 col-xs-12 col-sm-12 col-md-12 col-lg-12 bt_bb_vertical_align_top bt_bb_align_left bt_bb_padding_normal\" style=\"; --column-width:12;\" data-width=\"12\" data-bt-override-class=\"{}\"><div class=\"bt_bb_column_content\"><div class=\"bt_bb_column_content_inner\"><div  class=\"bt_bb_text\" ><\/p>\n<p>A Procut e a J. Coelho desenvolvem e produzem ferramentas de corte e pe\u00e7as de alta precis\u00e3o e prestam servi\u00e7os de repara\u00e7\u00e3o\/reconstru\u00e7\u00e3o de ferramentas e Tool Management.<\/p>\n<p>O sistema de Gest\u00e3o da Procut e da J. Coelho \u00e9 baseado nos princ\u00edpios de Gest\u00e3o da Qualidade e na Gest\u00e3o de Pessoas. Reconhecemos que os Colaboradores s\u00e3o o maior ativo da nossa organiza\u00e7\u00e3o e o alcance dos resultados est\u00e1 dependente dos seus conhecimentos, compet\u00eancia, habilidades e atitudes.<\/p>\n<p><strong>Princ\u00edpios<br \/>\n<\/strong>\u2013 Somos \u201cTOOLMAKERS\u201d, lidamos diariamente com alta tecnologia, adoramos desafios e temos paix\u00e3o por vencer e estamos sempre dispon\u00edveis.<br \/>\n\u2013 Todos os nossos colaboradores partilham a responsabilidade da qualidade e praticam-na em todas as suas \u00e1reas de interven\u00e7\u00e3o.<strong><br \/>\n<\/strong><\/p>\n<p><strong>Declara\u00e7\u00e3o de Compromisso<br \/>\n<\/strong>O nosso compromisso e responsabilidade com a qualidade, faz parte do quotidiano da nossa empresa e tornou-se um pilar essencial da nossa cultura e valores.<br \/>\nAprendemos, crescemos juntos e trabalhamos coletivamente para alcan\u00e7ar uma posi\u00e7\u00e3o de lideran\u00e7a na alta precis\u00e3o e nas pequenas dimens\u00f5es, criando solu\u00e7\u00f5es de produ\u00e7\u00e3o mais r\u00e1pidas e eficazes utilizando os materiais mais dif\u00edceis.<br \/>\nEsfor\u00e7amo-nos por manter os mais elevados padr\u00f5es de qualidade, repetibilidade, precis\u00e3o, efic\u00e1cia e confiabilidade nos nossos processos. Estamos focados nos nossos objetivos e metas e isso reflete-se nos nossos produtos e servi\u00e7os.<strong><br \/>\n<\/strong><\/p>\n<p><strong>Estrat\u00e9gia<br \/>\n<\/strong><\/p>\n<ul>\n<li>Promover a \u201cCultura de Qualidade\u201d \u2013 aumentar a fiabilidade e melhorar todas as \u00e1reas que sejam importantes para o produto final;<\/li>\n<li>Promover e implementar a troca de ideias, envolvendo toda a equipa nos grandes projetos, nos desafios, nos problemas e nas conquistas;<\/li>\n<li>Procurar o bem-estar para todos os que trabalham connosco;<\/li>\n<li>Formar e desenvolver as compet\u00eancias de todos de acordo com as Necessidades;<\/li>\n<li>Estabelecer e rever os objetivos, gerir os requisitos legais e normativos, bem como os desvios e avaliar\/ verificar a efic\u00e1cia e efici\u00eancia dos processos;<\/li>\n<li>Usar a gest\u00e3o de risco baseada na preven\u00e7\u00e3o, minimizando na medida em que for razoavelmente pratic\u00e1vel, os riscos associados ao desempenho das nossas atividades, seguran\u00e7a dos nossos colaboradores e do Ambiente, incluindo as melhores pr\u00e1ticas e \u00e9ticas socias;<\/li>\n<li>Melhorar continuadamente o desempenho das empresas e do Sistema de Gest\u00e3o da Qualidade;<\/li>\n<li>Implementar as melhores pr\u00e1ticas da ind\u00fastria na melhoria dos processos;<\/li>\n<li>Fornecer sempre os melhores produtos e servi\u00e7os.<\/li>\n<\/ul>\n<p>\n<\/div><\/div><\/div><\/div><\/div><\/div><\/div><!-- cell_inner --><\/div><!-- cell --><\/div><!-- port --><\/section>","protected":false},"excerpt":{"rendered":"","protected":false},"author":3,"featured_media":1890,"parent":0,"menu_order":0,"comment_status":"closed","ping_status":"closed","template":"","meta":{"footnotes":""},"class_list":["post-1995","page","type-page","status-publish","has-post-thumbnail","hentry"],"_links":{"self":[{"href":"https:\/\/procutps.pt\/en\/wp-json\/wp\/v2\/pages\/1995","targetHints":{"allow":["GET"]}}],"collection":[{"href":"https:\/\/procutps.pt\/en\/wp-json\/wp\/v2\/pages"}],"about":[{"href":"https:\/\/procutps.pt\/en\/wp-json\/wp\/v2\/types\/page"}],"author":[{"embeddable":true,"href":"https:\/\/procutps.pt\/en\/wp-json\/wp\/v2\/users\/3"}],"replies":[{"embeddable":true,"href":"https:\/\/procutps.pt\/en\/wp-json\/wp\/v2\/comments?post=1995"}],"version-history":[{"count":0,"href":"https:\/\/procutps.pt\/en\/wp-json\/wp\/v2\/pages\/1995\/revisions"}],"wp:featuredmedia":[{"embeddable":true,"href":"https:\/\/procutps.pt\/en\/wp-json\/wp\/v2\/media\/1890"}],"wp:attachment":[{"href":"https:\/\/procutps.pt\/en\/wp-json\/wp\/v2\/media?parent=1995"}],"curies":[{"name":"wp","href":"https:\/\/api.w.org\/{rel}","templated":true}]}}